{"id":228,"date":"2025-01-28T01:04:28","date_gmt":"2025-01-27T23:04:28","guid":{"rendered":"https:\/\/artmantuleasa.ro\/?page_id=228"},"modified":"2025-04-15T14:14:06","modified_gmt":"2025-04-15T11:14:06","slug":"localizare","status":"publish","type":"page","link":"https:\/\/artproperty.ro\/mantuleasa\/en\/localizare\/","title":{"rendered":"Positioning"},"content":{"rendered":"<div data-elementor-type=\"wp-page\" data-elementor-id=\"228\" class=\"elementor elementor-228\" data-elementor-post-type=\"page\">\n\t\t\t\t<div class=\"elementor-element elementor-element-91a19aa e-con-full e-flex e-con e-parent\" data-id=\"91a19aa\" data-element_type=\"container\" data-settings=\"{&quot;background_background&quot;:&quot;classic&quot;}\">\n\t\t\t\t<div class=\"elementor-element elementor-element-7a08966 elementor-invisible elementor-widget elementor-widget-heading\" data-id=\"7a08966\" data-element_type=\"widget\" data-settings=\"{&quot;_animation&quot;:&quot;fadeIn&quot;}\" data-widget_type=\"heading.default\">\n\t\t\t\t\t<h2 class=\"elementor-heading-title elementor-size-default\">Positioning<\/h2>\t\t\t\t<\/div>\n\t\t\t\t<\/div>\n\t\t<div class=\"elementor-element elementor-element-74b3ced e-flex e-con-boxed e-con e-parent\" data-id=\"74b3ced\" data-element_type=\"container\">\n\t\t\t\t\t<div class=\"e-con-inner\">\n\t\t\t\t<div class=\"elementor-element elementor-element-02c03ce elementor-widget-divider--view-line elementor-widget elementor-widget-divider\" data-id=\"02c03ce\" data-element_type=\"widget\" data-widget_type=\"divider.default\">\n\t\t\t\t\t\t\t<div class=\"elementor-divider\">\n\t\t\t<span class=\"elementor-divider-separator\">\n\t\t\t\t\t\t<\/span>\n\t\t<\/div>\n\t\t\t\t\t\t<\/div>\n\t\t<div class=\"elementor-element elementor-element-2ae8c0b e-con-full e-flex e-con e-child\" data-id=\"2ae8c0b\" data-element_type=\"container\">\n\t\t\t\t<div class=\"elementor-element elementor-element-db91573 elementor-widget__width-inherit elementor-invisible elementor-widget elementor-widget-heading\" data-id=\"db91573\" data-element_type=\"widget\" data-settings=\"{&quot;_animation&quot;:&quot;fadeIn&quot;,&quot;_animation_delay&quot;:200}\" data-widget_type=\"heading.default\">\n\t\t\t\t\t<h2 class=\"elementor-heading-title elementor-size-default\">Ultra-central, connected to the heart of the city.<\/h2>\t\t\t\t<\/div>\n\t\t<div class=\"elementor-element elementor-element-8934c87 e-con-full e-flex e-con e-child\" data-id=\"8934c87\" data-element_type=\"container\">\n\t\t\t\t<div class=\"elementor-element elementor-element-01f212a elementor-invisible elementor-widget elementor-widget-text-editor\" data-id=\"01f212a\" data-element_type=\"widget\" data-settings=\"{&quot;_animation&quot;:&quot;fadeIn&quot;,&quot;_animation_delay&quot;:400}\" data-widget_type=\"text-editor.default\">\n\t\t\t\t\t\t\t\t\t<p>Discover a corner of Bucharest where the past and present blend harmoniously. ART PROPERTY M\u00c2NTULEASA brings modern comfort to the city's historic streets, offering a relaxing atmosphere with smart solutions that simplify your life, merging tradition with innovation.<\/p>\t\t\t\t\t\t\t\t<\/div>\n\t\t\t\t<\/div>\n\t\t<div class=\"elementor-element elementor-element-b421bc7 e-con-full e-flex e-con e-child\" data-id=\"b421bc7\" data-element_type=\"container\">\n\t\t\t\t<div class=\"elementor-element elementor-element-25dd432 elementor-invisible elementor-widget elementor-widget-text-editor\" data-id=\"25dd432\" data-element_type=\"widget\" data-settings=\"{&quot;_animation&quot;:&quot;fadeIn&quot;,&quot;_animation_delay&quot;:400}\" data-widget_type=\"text-editor.default\">\n\t\t\t\t\t\t\t\t\t<p>Located in the heart of the city, on M\u00e2ntuleasa \u2013 a street with a fascinating history, evolving from a traditional alley to a cosmopolitan avenue, this project redefines urban living, offering a perfect balance between history and modernity, in a place connected to the city's rhythm.<\/p>\t\t\t\t\t\t\t\t<\/div>\n\t\t\t\t<\/div>\n\t\t\t\t<div class=\"elementor-element elementor-element-5646e18 elementor-widget__width-auto elementor-invisible elementor-widget elementor-widget-button\" data-id=\"5646e18\" data-element_type=\"widget\" data-settings=\"{&quot;_animation&quot;:&quot;fadeIn&quot;,&quot;_animation_delay&quot;:600}\" data-widget_type=\"button.default\">\n\t\t\t\t\t\t\t\t\t\t<a class=\"elementor-button elementor-button-link elementor-size-sm\" href=\"#elementor-action%3Aaction%3Dpopup%3Aopen%26settings%3DeyJpZCI6IjUwNCIsInRvZ2dsZSI6ZmFsc2V9\">\n\t\t\t\t\t\t<span class=\"elementor-button-content-wrapper\">\n\t\t\t\t\t\t\t\t\t<span class=\"elementor-button-text\">REQUEST A QUOTE<\/span>\n\t\t\t\t\t<\/span>\n\t\t\t\t\t<\/a>\n\t\t\t\t\t\t\t\t<\/div>\n\t\t<div class=\"elementor-element elementor-element-bb4cbb9 e-flex e-con-boxed elementor-invisible e-con e-child\" data-id=\"bb4cbb9\" data-element_type=\"container\" data-settings=\"{&quot;background_background&quot;:&quot;classic&quot;,&quot;animation&quot;:&quot;fadeIn&quot;,&quot;animation_delay&quot;:800}\">\n\t\t\t\t\t<div class=\"e-con-inner\">\n\t\t\t\t\t<\/div>\n\t\t\t\t<\/div>\n\t\t\t\t<\/div>\n\t\t<div class=\"elementor-element elementor-element-cee4604 e-con-full e-flex elementor-invisible e-con e-child\" data-id=\"cee4604\" data-element_type=\"container\" data-settings=\"{&quot;background_background&quot;:&quot;classic&quot;,&quot;animation&quot;:&quot;fadeIn&quot;,&quot;animation_delay&quot;:400}\">\n\t\t\t\t<div class=\"elementor-element elementor-element-d44fcd4 elementor-widget-divider--view-line elementor-widget elementor-widget-divider\" data-id=\"d44fcd4\" data-element_type=\"widget\" data-widget_type=\"divider.default\">\n\t\t\t\t\t\t\t<div class=\"elementor-divider\">\n\t\t\t<span class=\"elementor-divider-separator\">\n\t\t\t\t\t\t<\/span>\n\t\t<\/div>\n\t\t\t\t\t\t<\/div>\n\t\t\t\t<\/div>\n\t\t\t\t\t<\/div>\n\t\t\t\t<\/div>\n\t\t<div class=\"elementor-element elementor-element-06698bc e-flex e-con-boxed e-con e-parent\" data-id=\"06698bc\" data-element_type=\"container\">\n\t\t\t\t\t<div class=\"e-con-inner\">\n\t\t<div class=\"elementor-element elementor-element-dee5202 e-con-full e-flex e-con e-child\" data-id=\"dee5202\" data-element_type=\"container\" data-settings=\"{&quot;background_background&quot;:&quot;classic&quot;}\">\n\t\t\t\t<div class=\"elementor-element elementor-element-0b3973c elementor-widget elementor-widget-image\" data-id=\"0b3973c\" data-element_type=\"widget\" data-widget_type=\"image.default\">\n\t\t\t\t\t\t\t\t\t\t\t\t\t\t\t<img fetchpriority=\"high\" decoding=\"async\" width=\"1536\" height=\"1323\" src=\"https:\/\/artproperty.ro\/mantuleasa\/wp-content\/uploads\/2025\/03\/Group-52-2-1536x1323.png\" class=\"attachment-1536x1536 size-1536x1536 wp-image-1072\" alt=\"\" srcset=\"https:\/\/artproperty.ro\/mantuleasa\/wp-content\/uploads\/2025\/03\/Group-52-2-1536x1323.png 1536w, https:\/\/artproperty.ro\/mantuleasa\/wp-content\/uploads\/2025\/03\/Group-52-2-300x258.png 300w, https:\/\/artproperty.ro\/mantuleasa\/wp-content\/uploads\/2025\/03\/Group-52-2-1024x882.png 1024w, https:\/\/artproperty.ro\/mantuleasa\/wp-content\/uploads\/2025\/03\/Group-52-2-768x662.png 768w, https:\/\/artproperty.ro\/mantuleasa\/wp-content\/uploads\/2025\/03\/Group-52-2-14x12.png 14w, https:\/\/artproperty.ro\/mantuleasa\/wp-content\/uploads\/2025\/03\/Group-52-2.png 1965w\" sizes=\"(max-width: 1536px) 100vw, 1536px\" \/>\t\t\t\t\t\t\t\t\t\t\t\t\t\t\t<\/div>\n\t\t\t\t<\/div>\n\t\t<div class=\"elementor-element elementor-element-1614df9 e-con-full e-flex e-con e-child\" data-id=\"1614df9\" data-element_type=\"container\">\n\t\t<div class=\"elementor-element elementor-element-cffef35 e-con-full e-flex e-con e-child\" data-id=\"cffef35\" data-element_type=\"container\">\n\t\t\t\t<div class=\"elementor-element elementor-element-9746bdb elementor-widget elementor-widget-heading\" data-id=\"9746bdb\" data-element_type=\"widget\" data-widget_type=\"heading.default\">\n\t\t\t\t\t<h2 class=\"elementor-heading-title elementor-size-default\">Retail<\/h2>\t\t\t\t<\/div>\n\t\t\t\t<div class=\"elementor-element elementor-element-3d25d24 elementor-icon-list--layout-traditional elementor-list-item-link-full_width elementor-widget elementor-widget-icon-list\" data-id=\"3d25d24\" data-element_type=\"widget\" data-widget_type=\"icon-list.default\">\n\t\t\t\t\t\t\t<ul class=\"elementor-icon-list-items\">\n\t\t\t\t\t\t\t<li class=\"elementor-icon-list-item\">\n\t\t\t\t\t\t\t\t\t\t\t<span class=\"elementor-icon-list-icon\">\n\t\t\t\t\t\t\t<svg xmlns=\"http:\/\/www.w3.org\/2000\/svg\" width=\"1000\" height=\"1346\" viewbox=\"0 0 1000 1346\" fill=\"none\"><circle cx=\"500\" cy=\"673\" r=\"500\" fill=\"#ABABAB\"><\/circle><path d=\"M625.287 1056H476.161V647.713C476.161 636.452 476.322 622.618 476.643 606.209C476.965 589.478 477.448 572.426 478.091 555.052C478.735 537.357 479.378 521.431 480.022 507.274C476.483 511.457 469.243 518.696 458.304 528.991C447.687 538.965 437.713 547.974 428.383 556.018L347.304 621.17L275.396 531.404L502.704 350.426H625.287V1056Z\" fill=\"white\"><\/path><\/svg>\t\t\t\t\t\t<\/span>\n\t\t\t\t\t\t\t\t\t\t<span class=\"elementor-icon-list-text\">Kaufland Popa Nan<\/span>\n\t\t\t\t\t\t\t\t\t<\/li>\n\t\t\t\t\t\t\t\t<li class=\"elementor-icon-list-item\">\n\t\t\t\t\t\t\t\t\t\t\t<span class=\"elementor-icon-list-icon\">\n\t\t\t\t\t\t\t<svg xmlns=\"http:\/\/www.w3.org\/2000\/svg\" width=\"1000\" height=\"1346\" viewbox=\"0 0 1000 1346\" fill=\"none\"><circle cx=\"500\" cy=\"673\" r=\"500\" fill=\"#ABABAB\"><\/circle><path d=\"M749.8 1056H256.574V952.239L433.691 773.191C469.404 736.513 498.039 705.948 519.596 681.496C541.474 656.722 557.239 634.2 566.891 613.931C576.865 593.661 581.852 571.944 581.852 548.778C581.852 520.787 573.969 499.874 558.204 486.039C542.761 471.883 522.009 464.805 495.948 464.805C468.6 464.805 442.056 471.078 416.317 483.626C390.578 496.174 363.713 514.031 335.722 537.196L254.643 441.157C274.913 423.783 296.309 407.374 318.83 391.931C341.674 376.487 368.056 364.1 397.978 354.77C428.222 345.118 464.417 340.292 506.565 340.292C552.896 340.292 592.63 348.657 625.769 365.387C659.23 382.118 684.969 404.961 702.987 433.918C721.004 462.552 730.013 495.048 730.013 531.404C730.013 570.335 722.291 605.887 706.848 638.061C691.404 670.235 668.882 702.087 639.282 733.617C610.004 765.148 574.613 800.057 533.109 838.344L442.378 923.765V930.522H749.8V1056Z\" fill=\"white\"><\/path><\/svg>\t\t\t\t\t\t<\/span>\n\t\t\t\t\t\t\t\t\t\t<span class=\"elementor-icon-list-text\">Mega Image<\/span>\n\t\t\t\t\t\t\t\t\t<\/li>\n\t\t\t\t\t\t\t\t<li class=\"elementor-icon-list-item\">\n\t\t\t\t\t\t\t\t\t\t\t<span class=\"elementor-icon-list-icon\">\n\t\t\t\t\t\t\t<svg xmlns=\"http:\/\/www.w3.org\/2000\/svg\" width=\"1000\" height=\"1346\" viewbox=\"0 0 1000 1346\" fill=\"none\"><circle cx=\"500\" cy=\"673\" r=\"500\" fill=\"#ABABAB\"><\/circle><path d=\"M722.291 508.239C722.291 540.735 715.535 568.887 702.022 592.696C688.509 616.504 670.169 635.97 647.004 651.091C624.161 666.213 598.422 677.313 569.787 684.391V687.287C626.413 694.365 669.365 711.739 698.643 739.409C728.243 767.078 743.043 804.078 743.043 850.409C743.043 891.591 732.909 928.43 712.639 960.926C692.691 993.422 661.804 1019 619.978 1037.66C578.152 1056.32 524.261 1065.65 458.304 1065.65C419.374 1065.65 383.017 1062.43 349.235 1056C315.774 1049.89 284.243 1040.4 254.643 1027.53V900.6C284.887 916.044 316.578 927.787 349.717 935.83C382.856 943.552 413.743 947.413 442.378 947.413C495.787 947.413 533.109 938.244 554.343 919.904C575.9 901.244 586.678 875.183 586.678 841.722C586.678 822.096 581.691 805.526 571.717 792.013C561.743 778.5 544.369 768.204 519.596 761.126C495.143 754.048 460.878 750.509 416.8 750.509H363.23V636.131H417.765C461.2 636.131 494.178 632.109 516.7 624.065C539.543 615.7 554.987 604.439 563.03 590.283C571.396 575.804 575.578 559.396 575.578 541.057C575.578 515.961 567.856 496.335 552.413 482.178C536.969 468.022 511.23 460.944 475.196 460.944C452.674 460.944 432.083 463.839 413.422 469.631C395.083 475.1 378.513 481.857 363.713 489.9C348.913 497.622 335.883 505.183 324.622 512.583L255.609 409.787C283.278 389.839 315.613 373.27 352.613 360.078C389.935 346.887 434.335 340.292 485.813 340.292C558.526 340.292 616.117 354.931 658.587 384.209C701.056 413.487 722.291 454.831 722.291 508.239Z\" fill=\"white\"><\/path><\/svg>\t\t\t\t\t\t<\/span>\n\t\t\t\t\t\t\t\t\t\t<span class=\"elementor-icon-list-text\">Hala Traian Market<\/span>\n\t\t\t\t\t\t\t\t\t<\/li>\n\t\t\t\t\t\t\t\t<li class=\"elementor-icon-list-item\">\n\t\t\t\t\t\t\t\t\t\t\t<span class=\"elementor-icon-list-icon\">\n\t\t\t\t\t\t\t<svg xmlns=\"http:\/\/www.w3.org\/2000\/svg\" width=\"1000\" height=\"1346\" viewbox=\"0 0 1000 1346\" fill=\"none\"><circle cx=\"500\" cy=\"673\" r=\"500\" fill=\"#ABABAB\"><\/circle><path d=\"M765.726 909.77H680.787V1056H535.039V909.77H233.891V806.009L543.243 350.426H680.787V793.944H765.726V909.77ZM535.039 793.944V674.257C535.039 662.996 535.2 649.644 535.522 634.2C536.165 618.757 536.809 603.313 537.452 587.87C538.096 572.426 538.739 558.752 539.383 546.848C540.348 534.622 540.991 526.096 541.313 521.27H537.452C531.339 534.461 524.904 547.331 518.148 559.878C511.391 572.104 503.509 584.974 494.5 598.487L365.161 793.944H535.039Z\" fill=\"white\"><\/path><\/svg>\t\t\t\t\t\t<\/span>\n\t\t\t\t\t\t\t\t\t\t<span class=\"elementor-icon-list-text\">MOL gas station<\/span>\n\t\t\t\t\t\t\t\t\t<\/li>\n\t\t\t\t\t\t<\/ul>\n\t\t\t\t\t\t<\/div>\n\t\t\t\t<div class=\"elementor-element elementor-element-99d9e4a elementor-widget elementor-widget-heading\" data-id=\"99d9e4a\" data-element_type=\"widget\" data-widget_type=\"heading.default\">\n\t\t\t\t\t<h2 class=\"elementor-heading-title elementor-size-default\">Culture<\/h2>\t\t\t\t<\/div>\n\t\t\t\t<div class=\"elementor-element elementor-element-386889a elementor-icon-list--layout-traditional elementor-list-item-link-full_width elementor-widget elementor-widget-icon-list\" data-id=\"386889a\" data-element_type=\"widget\" data-widget_type=\"icon-list.default\">\n\t\t\t\t\t\t\t<ul class=\"elementor-icon-list-items\">\n\t\t\t\t\t\t\t<li class=\"elementor-icon-list-item\">\n\t\t\t\t\t\t\t\t\t\t\t<span class=\"elementor-icon-list-icon\">\n\t\t\t\t\t\t\t<svg xmlns=\"http:\/\/www.w3.org\/2000\/svg\" width=\"1000\" height=\"1346\" viewbox=\"0 0 1000 1346\" fill=\"none\"><circle cx=\"500\" cy=\"673\" r=\"500\" fill=\"#58411D\"><\/circle><path d=\"M625.287 1056H476.161V647.713C476.161 636.452 476.322 622.618 476.643 606.209C476.965 589.478 477.448 572.426 478.091 555.052C478.735 537.357 479.378 521.431 480.022 507.274C476.483 511.457 469.243 518.696 458.304 528.991C447.687 538.965 437.713 547.974 428.383 556.018L347.304 621.17L275.396 531.404L502.704 350.426H625.287V1056Z\" fill=\"white\"><\/path><\/svg>\t\t\t\t\t\t<\/span>\n\t\t\t\t\t\t\t\t\t\t<span class=\"elementor-icon-list-text\">\"Ion Luca Caragiale\" National Theatre<\/span>\n\t\t\t\t\t\t\t\t\t<\/li>\n\t\t\t\t\t\t\t\t<li class=\"elementor-icon-list-item\">\n\t\t\t\t\t\t\t\t\t\t\t<span class=\"elementor-icon-list-icon\">\n\t\t\t\t\t\t\t<svg xmlns=\"http:\/\/www.w3.org\/2000\/svg\" width=\"1000\" height=\"1346\" viewbox=\"0 0 1000 1346\" fill=\"none\"><circle cx=\"500\" cy=\"673\" r=\"500\" fill=\"#58411D\"><\/circle><path d=\"M749.8 1056H256.574V952.239L433.691 773.191C469.404 736.513 498.039 705.948 519.596 681.496C541.474 656.722 557.239 634.2 566.891 613.931C576.865 593.661 581.852 571.944 581.852 548.778C581.852 520.787 573.969 499.874 558.204 486.039C542.761 471.883 522.009 464.805 495.948 464.805C468.6 464.805 442.056 471.078 416.317 483.626C390.578 496.174 363.713 514.031 335.722 537.196L254.643 441.157C274.913 423.783 296.309 407.374 318.83 391.931C341.674 376.487 368.056 364.1 397.978 354.77C428.222 345.118 464.417 340.292 506.565 340.292C552.896 340.292 592.63 348.657 625.769 365.387C659.23 382.118 684.969 404.961 702.987 433.918C721.004 462.552 730.013 495.048 730.013 531.404C730.013 570.335 722.291 605.887 706.848 638.061C691.404 670.235 668.882 702.087 639.282 733.617C610.004 765.148 574.613 800.057 533.109 838.344L442.378 923.765V930.522H749.8V1056Z\" fill=\"white\"><\/path><\/svg>\t\t\t\t\t\t<\/span>\n\t\t\t\t\t\t\t\t\t\t<span class=\"elementor-icon-list-text\">State Jewish Theater<\/span>\n\t\t\t\t\t\t\t\t\t<\/li>\n\t\t\t\t\t\t\t\t<li class=\"elementor-icon-list-item\">\n\t\t\t\t\t\t\t\t\t\t\t<span class=\"elementor-icon-list-icon\">\n\t\t\t\t\t\t\t<svg xmlns=\"http:\/\/www.w3.org\/2000\/svg\" width=\"1000\" height=\"1346\" viewbox=\"0 0 1000 1346\" fill=\"none\"><circle cx=\"500\" cy=\"673\" r=\"500\" fill=\"#58411D\"><\/circle><path d=\"M722.291 508.239C722.291 540.735 715.535 568.887 702.022 592.696C688.509 616.504 670.169 635.97 647.004 651.091C624.161 666.213 598.422 677.313 569.787 684.391V687.287C626.413 694.365 669.365 711.739 698.643 739.409C728.243 767.078 743.043 804.078 743.043 850.409C743.043 891.591 732.909 928.43 712.639 960.926C692.691 993.422 661.804 1019 619.978 1037.66C578.152 1056.32 524.261 1065.65 458.304 1065.65C419.374 1065.65 383.017 1062.43 349.235 1056C315.774 1049.89 284.243 1040.4 254.643 1027.53V900.6C284.887 916.044 316.578 927.787 349.717 935.83C382.856 943.552 413.743 947.413 442.378 947.413C495.787 947.413 533.109 938.244 554.343 919.904C575.9 901.244 586.678 875.183 586.678 841.722C586.678 822.096 581.691 805.526 571.717 792.013C561.743 778.5 544.369 768.204 519.596 761.126C495.143 754.048 460.878 750.509 416.8 750.509H363.23V636.131H417.765C461.2 636.131 494.178 632.109 516.7 624.065C539.543 615.7 554.987 604.439 563.03 590.283C571.396 575.804 575.578 559.396 575.578 541.057C575.578 515.961 567.856 496.335 552.413 482.178C536.969 468.022 511.23 460.944 475.196 460.944C452.674 460.944 432.083 463.839 413.422 469.631C395.083 475.1 378.513 481.857 363.713 489.9C348.913 497.622 335.883 505.183 324.622 512.583L255.609 409.787C283.278 389.839 315.613 373.27 352.613 360.078C389.935 346.887 434.335 340.292 485.813 340.292C558.526 340.292 616.117 354.931 658.587 384.209C701.056 413.487 722.291 454.831 722.291 508.239Z\" fill=\"white\"><\/path><\/svg>\t\t\t\t\t\t<\/span>\n\t\t\t\t\t\t\t\t\t\t<span class=\"elementor-icon-list-text\">National Library of Romania<\/span>\n\t\t\t\t\t\t\t\t\t<\/li>\n\t\t\t\t\t\t<\/ul>\n\t\t\t\t\t\t<\/div>\n\t\t\t\t<\/div>\n\t\t<div class=\"elementor-element elementor-element-1024375 e-con-full e-flex e-con e-child\" data-id=\"1024375\" data-element_type=\"container\">\n\t\t\t\t<div class=\"elementor-element elementor-element-a14829a elementor-widget elementor-widget-heading\" data-id=\"a14829a\" data-element_type=\"widget\" data-widget_type=\"heading.default\">\n\t\t\t\t\t<h2 class=\"elementor-heading-title elementor-size-default\">Education<\/h2>\t\t\t\t<\/div>\n\t\t\t\t<div class=\"elementor-element elementor-element-f9517cb elementor-icon-list--layout-traditional elementor-list-item-link-full_width elementor-widget elementor-widget-icon-list\" data-id=\"f9517cb\" data-element_type=\"widget\" data-widget_type=\"icon-list.default\">\n\t\t\t\t\t\t\t<ul class=\"elementor-icon-list-items\">\n\t\t\t\t\t\t\t<li class=\"elementor-icon-list-item\">\n\t\t\t\t\t\t\t\t\t\t\t<span class=\"elementor-icon-list-icon\">\n\t\t\t\t\t\t\t<svg xmlns=\"http:\/\/www.w3.org\/2000\/svg\" width=\"1000\" height=\"1346\" viewbox=\"0 0 1000 1346\" fill=\"none\"><circle cx=\"500\" cy=\"673\" r=\"500\" fill=\"#B8873D\"><\/circle><path d=\"M625.287 1056H476.161V647.713C476.161 636.452 476.322 622.618 476.643 606.209C476.965 589.478 477.448 572.426 478.091 555.052C478.735 537.357 479.378 521.431 480.022 507.274C476.483 511.457 469.243 518.696 458.304 528.991C447.687 538.965 437.713 547.974 428.383 556.018L347.304 621.17L275.396 531.404L502.704 350.426H625.287V1056Z\" fill=\"white\"><\/path><\/svg>\t\t\t\t\t\t<\/span>\n\t\t\t\t\t\t\t\t\t\t<span class=\"elementor-icon-list-text\">Laude-Reut Educational Complex<\/span>\n\t\t\t\t\t\t\t\t\t<\/li>\n\t\t\t\t\t\t\t\t<li class=\"elementor-icon-list-item\">\n\t\t\t\t\t\t\t\t\t\t\t<span class=\"elementor-icon-list-icon\">\n\t\t\t\t\t\t\t<svg xmlns=\"http:\/\/www.w3.org\/2000\/svg\" width=\"1000\" height=\"1346\" viewbox=\"0 0 1000 1346\" fill=\"none\"><circle cx=\"500\" cy=\"673\" r=\"500\" fill=\"#B8873D\"><\/circle><path d=\"M749.8 1056H256.574V952.239L433.691 773.191C469.404 736.513 498.039 705.948 519.596 681.496C541.474 656.722 557.239 634.2 566.891 613.931C576.865 593.661 581.852 571.944 581.852 548.778C581.852 520.787 573.969 499.874 558.204 486.039C542.761 471.883 522.009 464.805 495.948 464.805C468.6 464.805 442.056 471.078 416.317 483.626C390.578 496.174 363.713 514.031 335.722 537.196L254.643 441.157C274.913 423.783 296.309 407.374 318.83 391.931C341.674 376.487 368.056 364.1 397.978 354.77C428.222 345.118 464.417 340.292 506.565 340.292C552.896 340.292 592.63 348.657 625.769 365.387C659.23 382.118 684.969 404.961 702.987 433.918C721.004 462.552 730.013 495.048 730.013 531.404C730.013 570.335 722.291 605.887 706.848 638.061C691.404 670.235 668.882 702.087 639.282 733.617C610.004 765.148 574.613 800.057 533.109 838.344L442.378 923.765V930.522H749.8V1056Z\" fill=\"white\"><\/path><\/svg>\t\t\t\t\t\t<\/span>\n\t\t\t\t\t\t\t\t\t\t<span class=\"elementor-icon-list-text\">Anastasia Popescu Pedagogical Highschool<\/span>\n\t\t\t\t\t\t\t\t\t<\/li>\n\t\t\t\t\t\t\t\t<li class=\"elementor-icon-list-item\">\n\t\t\t\t\t\t\t\t\t\t\t<span class=\"elementor-icon-list-icon\">\n\t\t\t\t\t\t\t<svg xmlns=\"http:\/\/www.w3.org\/2000\/svg\" width=\"1000\" height=\"1346\" viewbox=\"0 0 1000 1346\" fill=\"none\"><circle cx=\"500\" cy=\"673\" r=\"500\" fill=\"#B8873D\"><\/circle><path d=\"M722.291 508.239C722.291 540.735 715.535 568.887 702.022 592.696C688.509 616.504 670.169 635.97 647.004 651.091C624.161 666.213 598.422 677.313 569.787 684.391V687.287C626.413 694.365 669.365 711.739 698.643 739.409C728.243 767.078 743.043 804.078 743.043 850.409C743.043 891.591 732.909 928.43 712.639 960.926C692.691 993.422 661.804 1019 619.978 1037.66C578.152 1056.32 524.261 1065.65 458.304 1065.65C419.374 1065.65 383.017 1062.43 349.235 1056C315.774 1049.89 284.243 1040.4 254.643 1027.53V900.6C284.887 916.044 316.578 927.787 349.717 935.83C382.856 943.552 413.743 947.413 442.378 947.413C495.787 947.413 533.109 938.244 554.343 919.904C575.9 901.244 586.678 875.183 586.678 841.722C586.678 822.096 581.691 805.526 571.717 792.013C561.743 778.5 544.369 768.204 519.596 761.126C495.143 754.048 460.878 750.509 416.8 750.509H363.23V636.131H417.765C461.2 636.131 494.178 632.109 516.7 624.065C539.543 615.7 554.987 604.439 563.03 590.283C571.396 575.804 575.578 559.396 575.578 541.057C575.578 515.961 567.856 496.335 552.413 482.178C536.969 468.022 511.23 460.944 475.196 460.944C452.674 460.944 432.083 463.839 413.422 469.631C395.083 475.1 378.513 481.857 363.713 489.9C348.913 497.622 335.883 505.183 324.622 512.583L255.609 409.787C283.278 389.839 315.613 373.27 352.613 360.078C389.935 346.887 434.335 340.292 485.813 340.292C558.526 340.292 616.117 354.931 658.587 384.209C701.056 413.487 722.291 454.831 722.291 508.239Z\" fill=\"white\"><\/path><\/svg>\t\t\t\t\t\t<\/span>\n\t\t\t\t\t\t\t\t\t\t<span class=\"elementor-icon-list-text\">Mihai Viteazul National College<\/span>\n\t\t\t\t\t\t\t\t\t<\/li>\n\t\t\t\t\t\t\t\t<li class=\"elementor-icon-list-item\">\n\t\t\t\t\t\t\t\t\t\t\t<span class=\"elementor-icon-list-icon\">\n\t\t\t\t\t\t\t<svg xmlns=\"http:\/\/www.w3.org\/2000\/svg\" width=\"1000\" height=\"1346\" viewbox=\"0 0 1000 1346\" fill=\"none\"><circle cx=\"500\" cy=\"673\" r=\"500\" fill=\"#B8873D\"><\/circle><path d=\"M765.726 909.77H680.787V1056H535.039V909.77H233.891V806.009L543.243 350.426H680.787V793.944H765.726V909.77ZM535.039 793.944V674.257C535.039 662.996 535.2 649.644 535.522 634.2C536.165 618.757 536.809 603.313 537.452 587.87C538.096 572.426 538.739 558.752 539.383 546.848C540.348 534.622 540.991 526.096 541.313 521.27H537.452C531.339 534.461 524.904 547.331 518.148 559.878C511.391 572.104 503.509 584.974 494.5 598.487L365.161 793.944H535.039Z\" fill=\"white\"><\/path><\/svg>\t\t\t\t\t\t<\/span>\n\t\t\t\t\t\t\t\t\t\t<span class=\"elementor-icon-list-text\">ACORNS British Style Nursery<\/span>\n\t\t\t\t\t\t\t\t\t<\/li>\n\t\t\t\t\t\t<\/ul>\n\t\t\t\t\t\t<\/div>\n\t\t\t\t<\/div>\n\t\t\t\t<\/div>\n\t\t\t\t\t<\/div>\n\t\t\t\t<\/div>\n\t\t\t\t<\/div>","protected":false},"excerpt":{"rendered":"<p>Localizare Ultracentral, conectat la ritmul ora\u0219ului Descoper\u0103 un col\u021b din Bucure\u0219ti unde trecutul \u0219i prezentul se \u00eempletesc armonios. ART PROPERTY M\u00c2NTULEASA \u00ee\u021bi aduce confortul modern pe str\u0103zile istorice ale ora\u0219ului, \u00eentr-o atmosfer\u0103 relaxant\u0103, dar cu solu\u021bii smart care \u00ee\u021bi simplific\u0103 via\u021ba, combin\u00e2nd tradi\u021bia cu inova\u021bia. Situat \u00een inima ora\u0219ului, pe M\u00e2ntuleasa \u2013 o strad\u0103 cu [&hellip;]<\/p>","protected":false},"author":1,"featured_media":0,"parent":0,"menu_order":0,"comment_status":"closed","ping_status":"closed","template":"","meta":{"footnotes":""},"class_list":["post-228","page","type-page","status-publish","hentry"],"_links":{"self":[{"href":"https:\/\/artproperty.ro\/mantuleasa\/en\/wp-json\/wp\/v2\/pages\/228","targetHints":{"allow":["GET"]}}],"collection":[{"href":"https:\/\/artproperty.ro\/mantuleasa\/en\/wp-json\/wp\/v2\/pages"}],"about":[{"href":"https:\/\/artproperty.ro\/mantuleasa\/en\/wp-json\/wp\/v2\/types\/page"}],"author":[{"embeddable":true,"href":"https:\/\/artproperty.ro\/mantuleasa\/en\/wp-json\/wp\/v2\/users\/1"}],"replies":[{"embeddable":true,"href":"https:\/\/artproperty.ro\/mantuleasa\/en\/wp-json\/wp\/v2\/comments?post=228"}],"version-history":[{"count":70,"href":"https:\/\/artproperty.ro\/mantuleasa\/en\/wp-json\/wp\/v2\/pages\/228\/revisions"}],"predecessor-version":[{"id":1251,"href":"https:\/\/artproperty.ro\/mantuleasa\/en\/wp-json\/wp\/v2\/pages\/228\/revisions\/1251"}],"wp:attachment":[{"href":"https:\/\/artproperty.ro\/mantuleasa\/en\/wp-json\/wp\/v2\/media?parent=228"}],"curies":[{"name":"wp","href":"https:\/\/api.w.org\/{rel}","templated":true}]}}