{"id":507,"date":"2025-01-30T15:11:24","date_gmt":"2025-01-30T13:11:24","guid":{"rendered":"https:\/\/artmantuleasa.ro\/?page_id=507"},"modified":"2025-03-24T14:59:33","modified_gmt":"2025-03-24T12:59:33","slug":"politica-de-utilizare-a-datelor-cu-caracter-personal","status":"publish","type":"page","link":"https:\/\/artproperty.ro\/mantuleasa\/politica-de-utilizare-a-datelor-cu-caracter-personal\/","title":{"rendered":"Politica de utilizare a datelor cu caracter personal"},"content":{"rendered":"\t\t<div data-elementor-type=\"wp-page\" data-elementor-id=\"507\" class=\"elementor elementor-507\" data-elementor-post-type=\"page\">\n\t\t\t\t<div class=\"elementor-element elementor-element-ef4792d e-flex e-con-boxed e-con e-parent\" data-id=\"ef4792d\" data-element_type=\"container\">\n\t\t\t\t\t<div class=\"e-con-inner\">\n\t\t\t\t<div class=\"elementor-element elementor-element-f338f6d elementor-widget elementor-widget-heading\" data-id=\"f338f6d\" data-element_type=\"widget\" data-widget_type=\"heading.default\">\n\t\t\t\t\t<h2 class=\"elementor-heading-title elementor-size-default\">Politica de utilizAre a datelor cu caracter personal<\/h2>\t\t\t\t<\/div>\n\t\t\t\t<div class=\"elementor-element elementor-element-6e66886 elementor-widget elementor-widget-text-editor\" data-id=\"6e66886\" data-element_type=\"widget\" data-widget_type=\"text-editor.default\">\n\t\t\t\t\t\t\t\t\t<p>Versiunea nr. 1 aplicabila din data de 18 aprilie 2022<\/p><p><b>1. Angajamentul nostru cu privire la datele dumneavoastr\u0103 cu caracter personal<\/b><\/p><p>1.1. Societatea ART PROPERTY DEVELOPMENT S.R.L., societate cu raspundere limitata de nationalitate romana, cu sediul social situat in Romania, municipiul Bucuresti, sector 1, str. Ion Brezoianu, nr. 27, etaj 6, camera 1, inregistrata la Oficiul Registrului Comertului de pe langa Tribunalul Bucuresti sub nr. de ordine J40\/5673\/2019, identificator unic la nivel european (EUID) ROONRC.J40\/5673\/2019, cod unic de inregistrare (CUI) 41032476 (brevitatis causa \u201eOperatorul\u201d), va prelucra datele personale a utilizatorilor web-site-ului www.artproperty.ro \u00een conformitate cu Politica de protec\u021bie a datelor cu caracter personal (\u201ePolitica\u201d), conform legisla\u021biei \u00een vigoare.<\/p><p>1.2. Politica se \u00eentemeiaz\u0103 pe dispozi\u021biile Regulamentului nr. 2016\/679 privind protec\u021bia persoanelor fizice \u00een ceea ce prive\u0219te prelucrarea datelor cu caracter personal \u0219i privind libera circula\u021bie a acestor date \u0219i de abrogare a Directivei 95\/46\/CE (\u201cRegulamentul general privind protec\u021bia datelor\u201d sau \u201eGDPR\u201c), care a intrat \u00een vigoare de la data de 25 mai 2018, precum \u0219i pe legisla\u021bia na\u021bional\u0103 aplicabil\u0103.<\/p><p>1.3. GDPR define\u0219te datele cu caracter personal ca fiind \u201eorice informa\u021bii privind o persoan\u0103 fizic\u0103 identificat\u0103 sau identificabil\u0103 (\u201epersoan\u0103 vizat\u0103\u201d); o persoan\u0103 fizic\u0103 identificabil\u0103 este o persoan\u0103 care poate fi identificat\u0103, direct sau indirect, \u00een special prin referire la un element de identificare, cum ar fi un nume, un num\u0103r de identificare, date de localizare, un identificator online, sau la unul sau mai multe elemente specifice, proprii identit\u0103\u021bii sale fizice, fiziologice, genetice, psihice, economice, culturale sau sociale\u201c.<\/p><p>1.4. Operatorul se angajeaz\u0103 sa depuna toate diligentele necasare in vederea implementarii celor mai \u00eenalte standarde de confiden\u021bialitate \u0219i transparen\u021b\u0103 cu privire la datele cu caracter personal pe care le prelucreaz\u0103 \u00een activitatea curent\u0103. Protec\u021bia \u0219i transparen\u021ba total\u0103 \u00een ceea ce prive\u0219te prelucrarea datelor dumneavoastr\u0103 cu caracter personal \u00een cadrul activit\u0103\u021bii noastre sunt obiectivele noastre de maxim\u0103 importan\u021b\u0103.<\/p><p>1.5. V\u0103 rug\u0103m s\u0103 consulta\u021bi \u0219i Politica cookies si Termeni si conditii web-site cu care se completeaza prezenta Politica.<\/p><p>1.6. Orice informa\u021bii referitoare la prelucrarea datelor dumneavoastr\u0103 cu caracter personal pot fi solicitate la adresa: office@artproperty.ro<\/p><p><b>2. Acord<\/b><\/p><p>2.1. Utilizarea de c\u0103tre dumneavoastr\u0103 a serviciilor noastre este supus\u0103 prezentei Politici. Atunci c\u00e2nd utiliza\u021bi serviciile noastre, sunte\u021bi de acord cu termenii acestei Politici. Scopul Politicii este de a ne informa clien\u021bii cu privire la modul de colectare, stocare \u0219i utilizare a datelor cu caracter personal.<\/p><p><b>3. Categorii de date cu caracter personal colectate<\/b><\/p><p>Datele cu caracter personal pe care le prelucr\u0103m ca urmare a utiliz\u0103rii de c\u0103tre dumneavoastr\u0103 a proiectului rezidential si\/sau a web-site-ului pot include:<br \/>\u2022 detalii ale vizitelor dumneavoastr\u0103 pe site-ul nostru (\u00een acest sens v\u0103 recomand\u0103m s\u0103 citi\u021bi Politica cookies);<br \/>\u2022 alte informa\u021bii pe care ni le transmite\u021bi dumneavoastr\u0103, cu ocazia formul\u0103rii unei solicit\u0103ri pe site sau ca urmare a transmiterii lor pe email sau telefon.<\/p><p><b>4. Modalit\u0103\u021bi de colectare a datele dumneavoastr\u0103 cu caracter personal<\/b><\/p><p>4.1. Colect\u0103m datele dumneavoastr\u0103 care provin \u00een urma unei vizite in Complexul rezidential sau a accesarii web-site-ului mai sus mentionat.<\/p><p>4.1.1. Colect\u0103m \u0219i prelucr\u0103m date cu caracter personal ce se refer\u0103 la nume, prenume, adres\u0103 de email, telefon \u00een vederea men\u021binerii unei coresponden\u021be sau comunic\u0103ri cu dumneavoastr\u0103. Astfel, \u00een cazul \u00een care formula\u021bi o cerere pe email sau telefon, vom prelucra datele dumneavoastr\u0103 \u00een vederea solu\u021bion\u0103rii acesteia.<\/p><p>4.1.2. \u00cen acest context, dac\u0103 situa\u021bia expus\u0103 de dumneavoastr\u0103 spre solicitare o impune, vom putea transmite datele dumneavoastr\u0103 de contact institu\u021biilor financiare \u0219i guvernamentale, companiilor de transport sau po\u0219tei.<\/p><p>4.1.3. Cu excep\u021bia situa\u021biei expuse mai sus, datele furnizate de dumneavoastr\u0103 \u00een cursul navig\u0103rii site-ului vor fi utilizate doar \u00een interes propriu \u0219i nu vor fi transmise c\u0103tre ter\u021bi dec\u00e2t dac\u0103 s-a ob\u021binut \u00een prealabil acordul dumneavoastr\u0103.<\/p><p>4.2. Colect\u0103m datele dumneavoastr\u0103 care provin ca urmare a unei cereri de a fi contactat de un consultant.<\/p><p>4.2.1. Colect\u0103m datele cu caracter personal ce se refer\u0103 la nume, prenume, adres\u0103 de email, telefon, interesul de a contracta \u0219i care provin ca urmare a faptului c\u0103 a\u021bi solicitat s\u0103 fi\u021bi contactat de un consultant \u00een acest sens, complet\u00e2nd c\u00e2mpurile de pe site.<\/p><p>4.2.2. \u00cen acest sens, consultan\u021bii no\u0219tri v\u0103 vor contacta pentru a v\u0103 pune la dispozi\u021bie mai multe informa\u021bii.<\/p><p>4.2.3. Dup\u0103 completarea formularului de contact datele dumneavoastr\u0103 sunt importate \u00een baza de date a Operatorului.<\/p><p>4.2.4. \u00cen cazul \u00een care a\u021bi consim\u021bit \u00een mod expres ca datele dumneavoastr\u0103 cu caracter personal s\u0103 fie prelucrate \u00een scop de marketing de c\u0103tre Operator, respectiv pentru trimiterea unor newslettere, inform\u0103ri despre produsele \u0219i serviciile noastre ori evenimente, concursuri organizate de c\u0103tre noi, Operatorul sau Imputernicitii acestuia va prelucra datele dumneavoastr\u0103 \u00een acest scop.<\/p><p><b>5. Scopurile \u00een care v\u0103 prelucr\u0103m datele cu caracter personal<\/b><\/p><p>Putem colecta \u0219i prelucra date cu caracter personal \u00een urm\u0103toarele scopuri:<br \/>\u2022 oferirea produselor \u0219i serviciilor noastre;<br \/>\u2022 trimiterea de invita\u021bii pentru evenimentele organizate;<br \/>\u2022 respectarea obliga\u021biilor noastre legale (cum ar fi obliga\u021bii de p\u0103strare a eviden\u021belor contabile \u0219i a documentelor justificative);<br \/>\u2022 analizarea, \u00eembun\u0103t\u0103\u021birea serviciilor \u0219i comunic\u0103rilor noastre c\u0103tre dumneavoastr\u0103;<br \/>\u2022 protejarea securit\u0103\u021bii \u0219i gestionarea website-urilor \u0219i a celorlalte sisteme, prevenirea \u0219i detectarea amenin\u021b\u0103rilor de securitate, fraudelor sau a altor activit\u0103\u021bi infrac\u021bionale sau mali\u021bioase;<br \/>\u2022 transmiterea acestora c\u0103tre ter\u021bi, \u00een cazul \u00een care v-a\u021bi manifestat \u00een mod expres consim\u021b\u0103m\u00e2ntul;<br \/>\u2022 campanii de marketing, sondaje \u00een r\u00e2ndul clien\u021bilor, analize de pia\u021b\u0103, tombole, concursuri sau alte activit\u0103\u021bi sau evenimente promo\u021bionale, \u00een cazul \u00een care v-a\u021bi manifestat \u00een mod expres consim\u021b\u0103m\u00e2ntul;<br \/>\u2022 asigurarea securitatii fizice a spatiilor, conform legislatiei speciale aplicabile in domeniu;<br \/>\u2022 relatia cu autoritati publice, conform normelor legale aplicabile in materie civila si penala;<br \/>\u2022 \u00een orice scop aferent \u0219i\/sau auxiliar oric\u0103rora dintre cele de mai sus sau orice alt scop pentru care datele dumneavoastr\u0103 cu caracter personal ne-au fost furnizate.<\/p><p><b>6. Marketing direct<\/b><\/p><p>6.1. Ne promov\u0103m serviciile c\u0103tre dumneavoastr\u0103 \u0219i c\u0103tre alte persoane. Utiliz\u0103m informa\u021bii despre clien\u021bi pentru transmiterea de invita\u021bii \u0219i comunic\u0103ri care promoveaz\u0103 produsele \u0219i serviciile furnizate de noi. \u00cen m\u0103sura care v-a\u021bi exprimat acordul \u00een acest sens, prin bifarea c\u0103su\u021bei din cadrul formularului de contact, v\u0103 vom putea utiliza datele cu caracter personal furnizate \u00een vederea transmiterii de comunic\u0103ri privind produsele \u0219i serviciile pe care le furniz\u0103m.<\/p><p>6.2. \u00cen toate cazurile, ve\u021bi avea posibilitatea de a va dezabona de la primirea inform\u0103rilor de marketing prin accesarea link-ului de dezabonare pe care \u00eel ve\u021bi reg\u0103si \u00een cadrul fiec\u0103rei comunic\u0103ri de acest tip.<\/p><p>6.3. V\u0103 rug\u0103m s\u0103 ave\u021bi \u00een vedere c\u0103 \u00een cazul unei solicit\u0103ri de dezabonare poate exista un termen de p\u00e2n\u0103 la 48\/72 de ore \u00een care este posibil s\u0103 mai primi\u021bi inform\u0103ri sau comunic\u0103ri de marketing, din considerente legate de operarea modific\u0103rilor \u00een sistem. Dezabonarea de la primirea e-mailurilor de marketing nu \u00eempiedic\u0103 transmiterea \u00een continuare de email-uri tranzac\u021bionale prin intermediul c\u0103rora v\u0103 putem informa cu privire la stadiul tranzac\u021biei pe care o putem \u00eencheia.<\/p><p><b>7. Partajarea \u0219i transferul datelor dumneavoastr\u0103 cu caracter personal<\/b><\/p><p>7.1. Putem oferi acces la datele cu caracter personal pe care ni le furniza\u021bi persoanele noastre \u00eemputernicite, in baza unor contracte incheiate in acest sens, \u00eens\u0103 vom p\u0103stra controlul asupra datelor dumneavoastr\u0103 cu caracter personal \u0219i vom folosi m\u0103suri corespunz\u0103toare de protec\u021bie, conform legii aplicabile, pentru a asigura integritatea \u0219i securitatea datelor dumneavoastr\u0103 cu caracter personal. \u00cen ceea ce prive\u0219te accesul celorlalte companii din cadrul grupului, acces va fi \u00eentotdeauna limitat la datele cu caracter personal de care ace\u0219tia pot avea nevoie pentru prestarea unui serviciu \u00een ceea ce v\u0103 prive\u0219te.<\/p><p>7.2. De asemenea, v\u0103 vom putea divulga datele cu caracter personal atunci c\u00e2nd ne instrui\u021bi sau ne acorda\u021bi permisiunea \u00een acest sens sau atunci c\u00e2nd ni se impune prin legea aplicabil\u0103, cereri ale organelor judiciare sau oficiale s\u0103 proced\u0103m astfel, sau \u00een vederea investig\u0103rii unor activit\u0103\u021bi frauduloase sau infrac\u021bionale, efective sau suspectate.<\/p><p>7.3. Nu vom transfera date cu caracter personal \u00een afara SEE, cu excep\u021bia cazului \u00een care transferului i se aplic\u0103 una sau mai multe garan\u021bii sau excep\u021bii specificate, respectiv o decizie de adecvare, Scutul de confiden\u021bialitate \u2013 Privacy Shield, reguli corporatiste obligatorii.<\/p><p>7.4. \u00cen lipsa unei decizii de adecvare, a statutului de membru al Scutului de confiden\u021bialitate, a regulilor corporatiste obligatorii, transferul datelor cu caracter personal \u00eentr-o \u021bar\u0103 ter\u021b\u0103 sau \u00eentr-o organiza\u021bie interna\u021bional\u0103 are loc numai \u00een urm\u0103toarele condi\u021bii:<\/p><p>7.4.1. persoana vizat\u0103 \u0219i-a dat acordul \u00een mod explicit cu privire la transferul propus, dup\u0103 ce a fost informat\u0103 cu privire la riscurile posibile ale acestor transferuri pentru persoana vizat\u0103, din cauza lipsei unei decizii de adecvare \u0219i a m\u0103surilor de siguran\u021b\u0103 adecvate;<\/p><p>7.4.2. transferul este necesar pentru executarea unui contract \u00eentre persoana vizat\u0103 \u0219i operator sau pentru executarea unor dispozi\u021bii precontractuale adoptate la cererea persoanei vizate;<\/p><p>7.4.3. transferul este necesar pentru \u00eencheierea sau executarea unui contract \u00eencheiat \u00een interesul persoanei vizate \u00eentre operator \u0219i o alt\u0103 persoan\u0103 fizic\u0103 sau juridic\u0103;<\/p><p>7.4.4. transferul este necesar din motive importante de interes public;<\/p><p>7.4.5. transferul este necesar pentru stabilirea, exercitarea sau ap\u0103rarea revendic\u0103rilor legale; \u0219i\/sau<\/p><p><b>8. Stocarea \u0219i asigurarea securit\u0103\u021bii datelor cu caracter personal<\/b><\/p><p>8.1. Asigurarea confiden\u021bialit\u0103\u021bii datelor cu caracter personal pe care ni le transmite\u021bi reprezint\u0103 o preocupare important\u0103 pentru noi. Am implementat m\u0103suri tehnice \u0219i organizatorice pentru p\u0103strarea confiden\u021bialit\u0103\u021bii \u0219i securit\u0103\u021bii datelor dumneavoastr\u0103 cu caracter personal, \u00een conformitate cu procedurile noastre interne cu privire la stocarea, divulgarea \u0219i accesarea datelor cu caracter personal. Datele cu caracter personal pot fi p\u0103strate pe sistemele noastre tehnologice de date cu caracter personal, acelea alea contractorilor no\u0219tri sau \u00een format tip\u0103rit, pe o durata de 5 ani.<\/p><p>8.2. Site-ul este protejat de sistemul de criptare standard SSL (Secured Socket Layer). Aceast\u0103 tehnologie cripteaz\u0103 toate datele dumneavoastr\u0103 cu caracter personal pe care le transfera\u021bi c\u0103tre Operator.<\/p><p><b>9. Drepturile dumneavoastr\u0103<\/b><\/p><p>9.1. Dorim s\u0103 v\u0103 inform\u0103m c\u0103, \u00een cadrul noilor reglement\u0103ri privind protec\u021bia datelor cu caracter personal prev\u0103zute de Regulamentul general privind protec\u021bia datelor UE 679\/2016, \u00een cazul \u00een care prelucr\u0103m date cu caracter personal ale dumneavoastr\u0103, dispune\u021bi de urm\u0103toarele drepturi:<br \/>\u2022 dreptul de acces, prev\u0103zut de art. 15 din GDPR, \u00een baza c\u0103ruia pute\u021bi s\u0103 ne solicita\u021bi, gratuit, s\u0103 v\u0103 confirm\u0103m dac\u0103 prelucr\u0103m sau nu date cu caracter personal care v\u0103 privesc. De asemenea, ne pute\u021bi solicita o copie a datelor pe care le prelucr\u0103m despre dumneavoastr\u0103. Cererile trebuie s\u0103 includ\u0103 informa\u021bii relevante pentru a va putea identifica \u00een baza noastr\u0103 de date. Vom solu\u021biona cererea dumneavoastr\u0103, \u00een termenul legal;<br \/>\u2022 dreptul la informare \u2013 presupune informarea de o manier\u0103 concis\u0103, transparent\u0103 \u0219i u\u0219or accesibil\u0103 a persoanelor vizate cu privire la datele prelucrate;<br \/>\u2022 dreptul la rectificare, prev\u0103zut de art. 16 din GDPR, pe care \u00eel pute\u021bi exercita, prin formularea unei cereri prin care ne pute\u021bi solicita s\u0103 modific\u0103m informa\u021biile pe care le avem deja despre dumneavoastr\u0103. Pute\u021bi formula o astfel de cerere atunci c\u00e2nd observa\u021bi c\u0103 datele dumneavoastr\u0103 sunt incomplete sau inexacte;<br \/>\u2022 dreptul la restric\u021bionarea prelucr\u0103rii, prev\u0103zut de art. 18 din GDPR, pe care pute\u021bi s\u0103-l exercita\u021bi atunci c\u00e2nd contesta\u021bi exactitatea datelor, considera\u021bi c\u0103 prelucrarea este ilegal\u0103 sau v\u0103 opune\u021bi \u0219tergerii datelor. Urmare a exercit\u0103rii acestui drept, vom putea \u00een continuare s\u0103 stoc\u0103m datele dvs., efectuarea altor opera\u021biuni de prelucrare fiind posibil\u0103 doar cu consim\u021b\u0103m\u00e2ntul dumneavoastr\u0103, cu excep\u021bia cazurilor expres prev\u0103zute de lege;<br \/>\u2022 dreptul la portabilitate, prev\u0103zut de art. 20 din GDPR, pe care \u00eel pute\u021bi exercita doar pentru cazurile \u00een care prelucrarea are ca temei consim\u021b\u0103m\u00e2ntul dumneavoastr\u0103 sau contractul \u0219i doar daca datele dumneavoastr\u0103 sunt prelucrate prin mijloace automatizate. Dac\u0103 \u00eendeplini\u021bi condi\u021biile, ne pute\u021bi transmite o cerere de portare a datelor c\u0103tre operatorul pe care vi-l dori\u021bi;<br \/>\u2022 dreptul de a v\u0103 opune prelucr\u0103rii datelor \u00een scop de marketing, prev\u0103zut de art. 21 din GDPR. Pute\u021bi s\u0103 v\u0103 exercita\u021bi acest drept \u00een orice moment, iar noi v\u0103 garant\u0103m c\u0103 datele dumneavoastr\u0103 nu vor mai fi prelucrate \u00een acest scop. Cu toate acestea, exist\u0103 posibilitatea ca pentru \u00eenregistrarea \u0219i solu\u021bionarea cererii dumneavoastr\u0103 s\u0103 fie necesar un interval de timp rezonabil (p\u00e2n\u0103 la 72 ore) \u00een care este posibil s\u0103 mai primi\u021bi inform\u0103ri de marketing de la noi;<br \/>\u2022 dreptul la \u0219tergere, prev\u0103zut de art. 17 din GDPR, \u00een baza c\u0103ruia avem obliga\u021bia s\u0103 \u0219tergem datele cu caracter personal pe care le prelucr\u0103m despre dumneavoastr\u0103. Acest drept nu este unul absolut, av\u00e2nd aplicabilitate doar \u00een anumite situa\u021bii expres prev\u0103zute de lege. Atunci c\u00e2nd formula\u021bi o cerere de \u0219tergere, v\u0103 rug\u0103m s\u0103 ave\u021bi \u00een vedere c\u0103 \u0219tergerea acestora poate fi un proces complex.<br \/>\u2022 dreptul de a v\u0103 adresa Autorit\u0103\u021bii Na\u021bionale de Supraveghere a Datelor cu Caracter Personal, autoritatea public\u0103 din Rom\u00e2nia, cu sediul \u00een B-dul G-ral. Gheorghe Magheru 28-30, Sector 1, cod po\u0219tal 010336, Bucure\u0219ti, Rom\u00e2nia, pagin\u0103 de web http:\/\/www.dataprotection.ro , care are drept obiectiv ap\u0103rarea drepturilor \u015fi libert\u0103\u0163ilor fundamentale ale persoanelor fizice, \u00een special a dreptului la via\u0163\u0103 intim\u0103, familial\u0103 \u015fi privat\u0103, \u00een leg\u0103tur\u0103 cu prelucrarea datelor cu caracter personal \u015fi libera circula\u0163ie a acestor date (\u201eANSPDCP\u201d), \u00een cazul \u00een care sesiza\u021bi o \u00eenc\u0103lcare a GDPR-ului.<\/p><p>9.2. \u00cen vederea exercit\u0103rii acestor drepturi, v\u0103 rug\u0103m s\u0103 ne transmite\u021bi o cerere scris\u0103, pe adresa de e-mail: office@artproperty.ro , cu subiectul \u02ddSolicitare informa\u021bii personale\u02dd.<br \/>De asemenea, \u00een cazul \u00een care dori\u0163i s\u0103 v\u0103 retrage\u0163i consim\u0163\u0103m\u00e2ntul acordat cu privire la scopurile de marketing direct, ave\u0163i posibilitatea de a utiliza op\u0163iunea \u201edezaboneaz\u0103-te\u201d care este inclus\u0103 \u00een fiecare comunicare de marketing.<\/p><p><b>10. Actualizarea politicii noastre de protec\u021bie a datelor<\/b><\/p><p>Ne rezerv\u0103m dreptul de a actualiza \u0219i modifica periodic aceast\u0103 Politic\u0103 de protec\u021bie a datelor, pentru a reflecta orice modific\u0103ri cu privire la modul \u00een care prelucr\u0103m datele dumneavoastr\u0103 cu caracter personal sau orice modific\u0103ri ale cerin\u021belor legale. \u00cen cazul oric\u0103rei astfel de modific\u0103ri, vom afi\u0219a pe website-ul nostru versiunea modificat\u0103 a Politicii \u0219i\/sau o vom pune la dispozi\u021bie \u00een alt mod.<\/p><p><b>11. Contact<\/b><\/p><p>Pentru informa\u021bii suplimentare cu privire la con\u021binutul politicii de protec\u021bie a datelor, v\u0103 rug\u0103m s\u0103 ne contacta\u021bi la adresa de e-mail: office@artproperty.ro sau prin posta la adresa sediului social mentionata mai sus.<br \/>Acest site utilizeaz\u0103 cookie-uri. Folosim cookie-uri pentru a personaliza con\u021binutul \u0219i anun\u021burile, pentru a oferi func\u021bii de re\u021bele sociale \u0219i pentru a analiza traficul. De asemenea, le oferim partenerilor de re\u021bele sociale, de publicitate \u0219i de analize informa\u021bii cu privire la modul \u00een care folosi\u021bi site-ul nostru. Ace\u0219tia le pot combina cu alte informa\u021bii oferite de dvs. sau culese \u00een urma folosirii serviciilor lor. \u00cen cazul \u00een care alege\u021bi s\u0103 continua\u021bi s\u0103 utiliza\u021bi website-ul nostru, sunte\u021bi de acord cu utilizarea modulelor noastre cookie.<br \/>Cookie-urile sunt mici fi\u015fiere de text ce pot fi utilizate de c\u0103tre site-urile web pentru a face utilizarea lor mai eficient\u0103.<br \/>Legea stipuleaz\u0103 c\u0103 putem stoca cookie-uri pe dispozitivul dvs., \u00een cazul \u00een care ele sunt strict necesare pentru operarea acestui site. Pentru toate celelalte tipuri de cookie-uri avem nevoie de permisiunea dvs.<br \/>Acest site utilizeaz\u0103 diferite tipuri de cookie-uri. Unele cookie-uri sunt plasate de c\u0103tre servicii p\u0103r\u0163i ter\u0163e care apar pe paginile noastre.<br \/>Pute\u021bi, \u00een orice moment, s\u0103 modifica\u021bi sau s\u0103 v\u0103 retrage\u021bi acordul din Politica cookies.<\/p>\t\t\t\t\t\t\t\t<\/div>\n\t\t\t\t\t<\/div>\n\t\t\t\t<\/div>\n\t\t\t\t<\/div>\n\t\t","protected":false},"excerpt":{"rendered":"<p>Politica de utilizAre a datelor cu caracter personal Versiunea nr. 1 aplicabila din data de 18 aprilie 2022 1. Angajamentul nostru cu privire la datele dumneavoastr\u0103 cu caracter personal 1.1. Societatea ART PROPERTY DEVELOPMENT S.R.L., societate cu raspundere limitata de nationalitate romana, cu sediul social situat in Romania, municipiul Bucuresti, sector 1, str. Ion Brezoianu, [&hellip;]<\/p>\n","protected":false},"author":1,"featured_media":0,"parent":0,"menu_order":0,"comment_status":"closed","ping_status":"closed","template":"","meta":{"footnotes":""},"class_list":["post-507","page","type-page","status-publish","hentry"],"_links":{"self":[{"href":"https:\/\/artproperty.ro\/mantuleasa\/wp-json\/wp\/v2\/pages\/507","targetHints":{"allow":["GET"]}}],"collection":[{"href":"https:\/\/artproperty.ro\/mantuleasa\/wp-json\/wp\/v2\/pages"}],"about":[{"href":"https:\/\/artproperty.ro\/mantuleasa\/wp-json\/wp\/v2\/types\/page"}],"author":[{"embeddable":true,"href":"https:\/\/artproperty.ro\/mantuleasa\/wp-json\/wp\/v2\/users\/1"}],"replies":[{"embeddable":true,"href":"https:\/\/artproperty.ro\/mantuleasa\/wp-json\/wp\/v2\/comments?post=507"}],"version-history":[{"count":5,"href":"https:\/\/artproperty.ro\/mantuleasa\/wp-json\/wp\/v2\/pages\/507\/revisions"}],"predecessor-version":[{"id":1145,"href":"https:\/\/artproperty.ro\/mantuleasa\/wp-json\/wp\/v2\/pages\/507\/revisions\/1145"}],"wp:attachment":[{"href":"https:\/\/artproperty.ro\/mantuleasa\/wp-json\/wp\/v2\/media?parent=507"}],"curies":[{"name":"wp","href":"https:\/\/api.w.org\/{rel}","templated":true}]}}